{"id":5242,"date":"2023-09-22T18:51:03","date_gmt":"2023-09-22T18:51:03","guid":{"rendered":"https:\/\/valeprado.com\/reserve-ja\/"},"modified":"2024-03-07T16:12:10","modified_gmt":"2024-03-07T16:12:10","slug":"book-now","status":"publish","type":"page","link":"https:\/\/valeprado.com\/en\/book-now\/","title":{"rendered":"Book Now!"},"content":{"rendered":"\t\t<div data-elementor-type=\"wp-page\" data-elementor-id=\"5242\" class=\"elementor elementor-5242 elementor-3681\">\n\t\t\t\t\t\t<section class=\"elementor-section elementor-top-section elementor-element elementor-element-bb5256a elementor-section-full_width elementor-section-height-default elementor-section-height-default\" data-id=\"bb5256a\" data-element_type=\"section\" data-e-type=\"section\">\n\t\t\t\t\t\t<div class=\"elementor-container elementor-column-gap-no\">\n\t\t\t\t\t<div class=\"elementor-column elementor-col-100 elementor-top-column elementor-element elementor-element-dec0541\" data-id=\"dec0541\" data-element_type=\"column\" data-e-type=\"column\">\n\t\t\t<div class=\"elementor-widget-wrap elementor-element-populated\">\n\t\t\t\t\t\t<div class=\"elementor-element elementor-element-80e1cce elementor-widget elementor-widget-kinsley-intro\" data-id=\"80e1cce\" data-element_type=\"widget\" data-e-type=\"widget\" data-widget_type=\"kinsley-intro.default\">\n\t\t\t\t<div class=\"elementor-widget-container\">\n\t\t\t\t\t\n    <!-- banner -->\n    <section class=\"knsl-banner-simple knsl-transition-bottom\">\n      \t\t\t\t\n\t\t\t\t\t\t<img decoding=\"async\" src=\"https:\/\/valeprado.com\/wp-content\/themes\/kinsley\/assets\/img\/palm.svg\" class=\"knsl-deco-left\" alt=\"palm\" \/>\n\t\t<img decoding=\"async\" src=\"https:\/\/valeprado.com\/wp-content\/themes\/kinsley\/assets\/img\/palm.svg\" class=\"knsl-deco-right\" alt=\"palm\" \/>\n\t\t\t\t\n\t  \t  <div class=\"knsl-cover-frame\">\n\t\t\t\t\t\t<div style=\"background-image: url('https:\/\/valeprado.com\/wp-content\/uploads\/2023\/09\/destaque-vale-prado-1920x950.jpg');\" class=\"knsl-parallax knsl-banner-slide\"><\/div>\n\t\t\t\t\t\t\t\t\t  <\/div>\n\t  <div class=\"knsl-overlay\" style=\"opacity: 1;\"><\/div>\n\t  \n      <div class=\"container\">\n        <div class=\"row\">\n          <div class=\"col-lg-12\">\n\n            <div class=\"knsl-center knsl-title-frame\">\n                            <h1 class=\"knsl-title--h knsl-mb-20 knsl-h1-inner\">\n                <span >\n                    Book Now!                <\/span>\n              <\/h1>\n                                          <p class=\"knsl-text knsl-mb-30\">\n                <span >\n                    Make your reservation on our website                <\/span>\n              <\/p>\n              \n              <ul class=\"knsl-breadcrumbs\"><li><a href=\"https:\/\/valeprado.com\/en\/\" title=\"Villas for Holidays Renting Caldas da Rainha\">Home<\/a><\/li><li class=\"tst-active\"><a><\/a><\/li><\/ul>\n            <\/div>\n\n          <\/div>\n        <\/div>\n      <\/div>\n    <\/section>\n    <!-- banner end -->\n\n\t\t\t\t\t\t<\/div>\n\t\t\t\t<\/div>\n\t\t\t\t\t<\/div>\n\t\t<\/div>\n\t\t\t\t\t<\/div>\n\t\t<\/section>\n\t\t<div class=\"elementor-element elementor-element-5d87643 e-flex e-con-boxed e-con e-parent\" data-id=\"5d87643\" data-element_type=\"container\" data-e-type=\"container\">\n\t\t\t\t\t<div class=\"e-con-inner\">\n\t\t\t\t<div class=\"elementor-element elementor-element-b8f8e1f elementor-widget elementor-widget-kinsley-rooms-grid\" data-id=\"b8f8e1f\" data-element_type=\"widget\" data-e-type=\"widget\" data-widget_type=\"kinsley-rooms-grid.default\">\n\t\t\t\t<div class=\"elementor-widget-container\">\n\t\t\t\t\t\n\t\t<!-- rooms -->\n\t\t<section class=\"knsl-p-0-100\">\n\t\t\t\t\t\t\n\t\t\t\t\t\t<img decoding=\"async\" src=\"https:\/\/valeprado.com\/wp-content\/themes\/kinsley\/assets\/img\/palm.svg\" class=\"knsl-deco-left\" alt=\"palm\" \/>\n\t\t\t\t\n\t\t<div class=\"container\">\t\t\t\n\t\t\t\n\t\t\t\t\t\t<div class=\"row attr-details-amenity-false attr-details-category-false attr-details-attributes-false attr-details-view-false attr-details-bed-type-false attr-details-children-false\">\n\t\t\t\t\n\t\t\t\t\t\t\t\t<div class=\"col-lg-6 \">\n\t\t\t\t\t<div class=\"mphb_sc_room-wrapper \"><div class=\"mphb-room-type post-5237 mphb_room_type type-mphb_room_type status-publish has-post-thumbnail mphb_room_type_category-villa-flor-en mphb-room-type-adults-4 mphb-room-type-children-0 \">\n\n\t\n\t\n\n\t<p class=\"post-thumbnail mphb-loop-room-thumbnail\">\n\t<a href=\"https:\/\/valeprado.com\/en\/alojamento\/villa-flor\/\">\n\t<img fetchpriority=\"high\" decoding=\"async\" width=\"1520\" height=\"1013\" src=\"https:\/\/valeprado.com\/wp-content\/uploads\/2023\/12\/VILLA-FLOR-2.webp\" class=\"attachment-post-thumbnail size-post-thumbnail wp-post-image\" alt=\"\" srcset=\"https:\/\/valeprado.com\/wp-content\/uploads\/2023\/12\/VILLA-FLOR-2.webp 1520w, https:\/\/valeprado.com\/wp-content\/uploads\/2023\/12\/VILLA-FLOR-2-300x200.webp 300w, https:\/\/valeprado.com\/wp-content\/uploads\/2023\/12\/VILLA-FLOR-2-1024x682.webp 1024w, https:\/\/valeprado.com\/wp-content\/uploads\/2023\/12\/VILLA-FLOR-2-768x512.webp 768w, https:\/\/valeprado.com\/wp-content\/uploads\/2023\/12\/VILLA-FLOR-2-950x633.webp 950w, https:\/\/valeprado.com\/wp-content\/uploads\/2023\/12\/VILLA-FLOR-2-800x533.webp 800w\" sizes=\"(max-width: 1520px) 100vw, 1520px\" \/>\t<\/a>\n\n\t<\/p>\n\n\n\n<h2 class=\"mphb-room-type-title entry-title\">\n\n\n<a class=\"mphb-room-type-title\" href=\"https:\/\/valeprado.com\/en\/alojamento\/villa-flor\/\">Villa Flor<\/a>\n\n\n<\/h2>\n\n<div class=\"knsl-text-light knsl-text-sm knsl-mb-20\">\n\t\n\t<p>Villa Flor is a private villa where you can enjoy a memorable holiday in a refined and peaceful environment, where you can take a dip in the heated pool and spend unique moments in the jacuzzi. The outdoor space with nooks and crannies that invite you to rest.<\/p>\n\n\t<\/div>\n\n<h3 class=\"mphb-room-type-details-title\">Details<\/h3><ul class=\"mphb-loop-room-type-attributes\">\n\n\n\t<li class=\"mphb-room-type-adults-capacity\"><span class=\"mphb-attribute-title mphb-adults-title\">Guests:<\/span><span class=\"mphb-attribute-value\">\n\t4\n\t<\/span><\/li>\n\t\n\n\n\n\n\n\t<li class=\"mphb-room-type-size\"><span class=\"mphb-attribute-title mphb-size-title\">Size:<\/span><span class=\"mphb-attribute-value\">\n\t97m\u00b2\n\t<\/span><\/li>\n\t\n\n\n\n\t<li class=\"mphb-room-type-categories\"><span class=\"mphb-attribute-title mphb-categories-title\">Categories:<\/span><span class=\"mphb-attribute-value\"> <span class=\"category-villa-flor-en\"><a href=\"https:\/\/valeprado.com\/en\/accommodation-category\/villa-flor-en\/\">Villa Flor<\/a><\/span><\/span><\/li>\n\t\n<\/ul>\n\n\t<p class=\"mphb-regular-price\"><strong>Prices start at:<\/strong>\n\t<span class=\"mphb-price\">210<span class=\"mphb-currency\">&euro;<\/span><\/span> <span class=\"mphb-price-period\" title=\"Choose dates to see relevant prices\">per night<\/span>\n\t<\/p>\n\t\n<div class=\"mphb-to-book-btn-wrapper\">\n<form action=\"https:\/\/valeprado.com\/en\/alojamento\/villa-flor\/#booking-form-5237\" method=\"get\" ><button type=\"submit\" class=\"button mphb-book-button\" >Book<\/button><\/form>\n<br\/><\/div>\n\t\n<\/div>\n<\/div>\t\t\t\t<\/div>\n\t\t\t\t\t\t\t\t<div class=\"col-lg-6 \">\n\t\t\t\t\t<div class=\"mphb_sc_room-wrapper \"><div class=\"mphb-room-type post-5326 mphb_room_type type-mphb_room_type status-publish has-post-thumbnail mphb_room_type_category-villa-mila-en mphb-room-type-adults-6 mphb-room-type-children-0 \">\n\n\t\n\t\n\n\t<p class=\"post-thumbnail mphb-loop-room-thumbnail\">\n\t<a href=\"https:\/\/valeprado.com\/en\/alojamento\/villa-mila\/\">\n\t<img decoding=\"async\" width=\"1520\" height=\"1013\" src=\"https:\/\/valeprado.com\/wp-content\/uploads\/2023\/12\/VILLA-MILA-1.webp\" class=\"attachment-post-thumbnail size-post-thumbnail wp-post-image\" alt=\"\" srcset=\"https:\/\/valeprado.com\/wp-content\/uploads\/2023\/12\/VILLA-MILA-1.webp 1520w, https:\/\/valeprado.com\/wp-content\/uploads\/2023\/12\/VILLA-MILA-1-300x200.webp 300w, https:\/\/valeprado.com\/wp-content\/uploads\/2023\/12\/VILLA-MILA-1-1024x682.webp 1024w, https:\/\/valeprado.com\/wp-content\/uploads\/2023\/12\/VILLA-MILA-1-768x512.webp 768w, https:\/\/valeprado.com\/wp-content\/uploads\/2023\/12\/VILLA-MILA-1-950x633.webp 950w, https:\/\/valeprado.com\/wp-content\/uploads\/2023\/12\/VILLA-MILA-1-800x533.webp 800w\" sizes=\"(max-width: 1520px) 100vw, 1520px\" \/>\t<\/a>\n\n\t<\/p>\n\n\n\n<h2 class=\"mphb-room-type-title entry-title\">\n\n\n<a class=\"mphb-room-type-title\" href=\"https:\/\/valeprado.com\/en\/alojamento\/villa-mila\/\">Villa Mila<\/a>\n\n\n<\/h2>\n\n<div class=\"knsl-text-light knsl-text-sm knsl-mb-20\">\n\t\n\t<p>Villa Mila is a private villa with modern features where you can find all amenities in a welcoming and refined environment. Take advantage of our garden and heated pool for a few relaxing days of rest.<\/p>\n\n\t<\/div>\n\n<h3 class=\"mphb-room-type-details-title\">Details<\/h3><ul class=\"mphb-loop-room-type-attributes\">\n\n\n\t<li class=\"mphb-room-type-adults-capacity\"><span class=\"mphb-attribute-title mphb-adults-title\">Guests:<\/span><span class=\"mphb-attribute-value\">\n\t6\n\t<\/span><\/li>\n\t\n\n\n\n\n\n\t<li class=\"mphb-room-type-size\"><span class=\"mphb-attribute-title mphb-size-title\">Size:<\/span><span class=\"mphb-attribute-value\">\n\t127m\u00b2\n\t<\/span><\/li>\n\t\n\n\n\n\t<li class=\"mphb-room-type-categories\"><span class=\"mphb-attribute-title mphb-categories-title\">Categories:<\/span><span class=\"mphb-attribute-value\"> <span class=\"category-villa-mila-en\"><a href=\"https:\/\/valeprado.com\/en\/accommodation-category\/villa-mila-en\/\">Villa Mila<\/a><\/span><\/span><\/li>\n\t\n<\/ul>\n\n\t<p class=\"mphb-regular-price\"><strong>Prices start at:<\/strong>\n\t<span class=\"mphb-price\">210<span class=\"mphb-currency\">&euro;<\/span><\/span> <span class=\"mphb-price-period\" title=\"Choose dates to see relevant prices\">per night<\/span>\n\t<\/p>\n\t\n<div class=\"mphb-to-book-btn-wrapper\">\n<form action=\"https:\/\/valeprado.com\/en\/alojamento\/villa-mila\/#booking-form-5326\" method=\"get\" ><button type=\"submit\" class=\"button mphb-book-button\" >Book<\/button><\/form>\n<br\/><\/div>\n\t\n<\/div>\n<\/div>\t\t\t\t<\/div>\n\t\t\t\t\t\t\t\t<div class=\"col-lg-6 \">\n\t\t\t\t\t<div class=\"mphb_sc_room-wrapper knsl-scroll-animation\"><div class=\"mphb-room-type post-5328 mphb_room_type type-mphb_room_type status-publish has-post-thumbnail mphb_room_type_category-villa-colina-en mphb-room-type-adults-6 mphb-room-type-children-0 \">\n\n\t\n\t\n\n\t<p class=\"post-thumbnail mphb-loop-room-thumbnail\">\n\t<a href=\"https:\/\/valeprado.com\/en\/alojamento\/villa-colina\/\">\n\t<img decoding=\"async\" width=\"1520\" height=\"1013\" src=\"https:\/\/valeprado.com\/wp-content\/uploads\/2023\/12\/VILLA-COLINA-1.webp\" class=\"attachment-post-thumbnail size-post-thumbnail wp-post-image\" alt=\"\" srcset=\"https:\/\/valeprado.com\/wp-content\/uploads\/2023\/12\/VILLA-COLINA-1.webp 1520w, https:\/\/valeprado.com\/wp-content\/uploads\/2023\/12\/VILLA-COLINA-1-300x200.webp 300w, https:\/\/valeprado.com\/wp-content\/uploads\/2023\/12\/VILLA-COLINA-1-1024x682.webp 1024w, https:\/\/valeprado.com\/wp-content\/uploads\/2023\/12\/VILLA-COLINA-1-768x512.webp 768w, https:\/\/valeprado.com\/wp-content\/uploads\/2023\/12\/VILLA-COLINA-1-950x633.webp 950w, https:\/\/valeprado.com\/wp-content\/uploads\/2023\/12\/VILLA-COLINA-1-800x533.webp 800w\" sizes=\"(max-width: 1520px) 100vw, 1520px\" \/>\t<\/a>\n\n\t<\/p>\n\n\n\n<h2 class=\"mphb-room-type-title entry-title\">\n\n\n<a class=\"mphb-room-type-title\" href=\"https:\/\/valeprado.com\/en\/alojamento\/villa-colina\/\">Villa Colina<\/a>\n\n\n<\/h2>\n\n<div class=\"knsl-text-light knsl-text-sm knsl-mb-20\">\n\t\n\t<p>Villa Colina is a large, modern architecture private villa. With a natural landscape and excellent panoramic views, a large garden and swimming pool where you will find a perfect refuge for a few days of tranquility.<\/p>\n\n\t<\/div>\n\n<h3 class=\"mphb-room-type-details-title\">Details<\/h3><ul class=\"mphb-loop-room-type-attributes\">\n\n\n\t<li class=\"mphb-room-type-adults-capacity\"><span class=\"mphb-attribute-title mphb-adults-title\">Guests:<\/span><span class=\"mphb-attribute-value\">\n\t6\n\t<\/span><\/li>\n\t\n\n\n\n\n\n\t<li class=\"mphb-room-type-size\"><span class=\"mphb-attribute-title mphb-size-title\">Size:<\/span><span class=\"mphb-attribute-value\">\n\t164m\u00b2\n\t<\/span><\/li>\n\t\n\n\n\n\t<li class=\"mphb-room-type-categories\"><span class=\"mphb-attribute-title mphb-categories-title\">Categories:<\/span><span class=\"mphb-attribute-value\"> <span class=\"category-villa-colina-en\"><a href=\"https:\/\/valeprado.com\/en\/accommodation-category\/villa-colina-en\/\">Villa Colina<\/a><\/span><\/span><\/li>\n\t\n<\/ul>\n\n\t<p class=\"mphb-regular-price\"><strong>Prices start at:<\/strong>\n\t<span class=\"mphb-price\">170<span class=\"mphb-currency\">&euro;<\/span><\/span> <span class=\"mphb-price-period\" title=\"Choose dates to see relevant prices\">per night<\/span>\n\t<\/p>\n\t\n<div class=\"mphb-to-book-btn-wrapper\">\n<form action=\"https:\/\/valeprado.com\/en\/alojamento\/villa-colina\/#booking-form-5328\" method=\"get\" ><button type=\"submit\" class=\"button mphb-book-button\" >Book<\/button><\/form>\n<br\/><\/div>\n\t\n<\/div>\n<\/div>\t\t\t\t<\/div>\n\t\t\t\t\t\t\t\t<div class=\"col-lg-6 \">\n\t\t\t\t\t<div class=\"mphb_sc_room-wrapper knsl-scroll-animation\"><div class=\"mphb-room-type post-5330 mphb_room_type type-mphb_room_type status-publish has-post-thumbnail mphb_room_type_category-villa-rosa-en mphb-room-type-adults-4 mphb-room-type-children-0 \">\n\n\t\n\t\n\n\t<p class=\"post-thumbnail mphb-loop-room-thumbnail\">\n\t<a href=\"https:\/\/valeprado.com\/en\/alojamento\/villa-rosa\/\">\n\t<img loading=\"lazy\" decoding=\"async\" width=\"1519\" height=\"1012\" src=\"https:\/\/valeprado.com\/wp-content\/uploads\/2021\/12\/VILLA-ROSA-1.webp\" class=\"attachment-post-thumbnail size-post-thumbnail wp-post-image\" alt=\"\" srcset=\"https:\/\/valeprado.com\/wp-content\/uploads\/2021\/12\/VILLA-ROSA-1.webp 1519w, https:\/\/valeprado.com\/wp-content\/uploads\/2021\/12\/VILLA-ROSA-1-300x200.webp 300w, https:\/\/valeprado.com\/wp-content\/uploads\/2021\/12\/VILLA-ROSA-1-1024x682.webp 1024w, https:\/\/valeprado.com\/wp-content\/uploads\/2021\/12\/VILLA-ROSA-1-768x512.webp 768w, https:\/\/valeprado.com\/wp-content\/uploads\/2021\/12\/VILLA-ROSA-1-950x633.webp 950w, https:\/\/valeprado.com\/wp-content\/uploads\/2021\/12\/VILLA-ROSA-1-800x533.webp 800w\" sizes=\"(max-width: 1519px) 100vw, 1519px\" \/>\t<\/a>\n\n\t<\/p>\n\n\n\n<h2 class=\"mphb-room-type-title entry-title\">\n\n\n<a class=\"mphb-room-type-title\" href=\"https:\/\/valeprado.com\/en\/alojamento\/villa-rosa\/\">Villa Rosa<\/a>\n\n\n<\/h2>\n\n<div class=\"knsl-text-light knsl-text-sm knsl-mb-20\">\n\t\n\t<p>Villa Rosa is a private villa with excellent views, where comfort and harmony reign, with a garden, swimming pool and private jacuzzi in a calm, peaceful and relaxed environment.<\/p>\n\n\t<\/div>\n\n<h3 class=\"mphb-room-type-details-title\">Details<\/h3><ul class=\"mphb-loop-room-type-attributes\">\n\n\n\t<li class=\"mphb-room-type-adults-capacity\"><span class=\"mphb-attribute-title mphb-adults-title\">Guests:<\/span><span class=\"mphb-attribute-value\">\n\t4\n\t<\/span><\/li>\n\t\n\n\n\n\n\n\t<li class=\"mphb-room-type-size\"><span class=\"mphb-attribute-title mphb-size-title\">Size:<\/span><span class=\"mphb-attribute-value\">\n\t132m\u00b2\n\t<\/span><\/li>\n\t\n\n\n\n\t<li class=\"mphb-room-type-categories\"><span class=\"mphb-attribute-title mphb-categories-title\">Categories:<\/span><span class=\"mphb-attribute-value\"> <span class=\"category-villa-rosa-en\"><a href=\"https:\/\/valeprado.com\/en\/accommodation-category\/villa-rosa-en\/\">Villa Rosa<\/a><\/span><\/span><\/li>\n\t\n<\/ul>\n\n\t<p class=\"mphb-regular-price\"><strong>Prices start at:<\/strong>\n\t<span class=\"mphb-price\">200<span class=\"mphb-currency\">&euro;<\/span><\/span> <span class=\"mphb-price-period\" title=\"Choose dates to see relevant prices\">per night<\/span>\n\t<\/p>\n\t\n<div class=\"mphb-to-book-btn-wrapper\">\n<form action=\"https:\/\/valeprado.com\/en\/alojamento\/villa-rosa\/#booking-form-5330\" method=\"get\" ><button type=\"submit\" class=\"button mphb-book-button\" >Book<\/button><\/form>\n<br\/><\/div>\n\t\n<\/div>\n<\/div>\t\t\t\t<\/div>\n\t\t\t\t\t\t\t\t<div class=\"col-lg-6 \">\n\t\t\t\t\t<div class=\"mphb_sc_room-wrapper knsl-scroll-animation\"><div class=\"mphb-room-type post-8805 mphb_room_type type-mphb_room_type status-publish mphb_room_type_category-teste mphb-room-type-adults-1 mphb-room-type-children-0 \">\n\n\t\n\t\n\n\n<h2 class=\"mphb-room-type-title entry-title\">\n\n\n<a class=\"mphb-room-type-title\" href=\"https:\/\/valeprado.com\/en\/alojamento\/villa-teste\/\">test villa<\/a>\n\n\n<\/h2>\n\n<div class=\"knsl-text-light knsl-text-sm knsl-mb-20\">\n\t\n\t\n\t<\/div>\n\n<h3 class=\"mphb-room-type-details-title\">Details<\/h3><ul class=\"mphb-loop-room-type-attributes\">\n\n\n\t<li class=\"mphb-room-type-adults-capacity\"><span class=\"mphb-attribute-title mphb-adults-title\">Guests:<\/span><span class=\"mphb-attribute-value\">\n\t1\n\t<\/span><\/li>\n\t\n\n\n\n\n\n\n\n\n\t<li class=\"mphb-room-type-categories\"><span class=\"mphb-attribute-title mphb-categories-title\">Categories:<\/span><span class=\"mphb-attribute-value\"> <span class=\"category-teste\"><a href=\"https:\/\/valeprado.com\/en\/accommodation-category\/teste\/\">villa teste<\/a><\/span><\/span><\/li>\n\t\n<\/ul>\n\n\t<p class=\"mphb-regular-price\"><strong>Prices start at:<\/strong>\n\t<span class=\"mphb-price\">1<span class=\"mphb-currency\">&euro;<\/span><\/span> <span class=\"mphb-price-period\" title=\"Choose dates to see relevant prices\">per night<\/span>\n\t<\/p>\n\t\n<div class=\"mphb-to-book-btn-wrapper\">\n<form action=\"https:\/\/valeprado.com\/en\/alojamento\/villa-teste\/#booking-form-8805\" method=\"get\" ><button type=\"submit\" class=\"button mphb-book-button\" >Book<\/button><\/form>\n<br\/><\/div>\n\t\n<\/div>\n<\/div>\t\t\t\t<\/div>\n\t\t\t\t\t\t\t<\/div>\n\t\t\t\n\t\t\t\t\t\t<!-- pagination -->\n\t\t\t<div class=\"knsl-pagination\">\n\t\t\t\t\t\t<\/div>\n\t\t\t<!-- pagination end -->\n\t\t\t\n\t\t\t\t\t\t\t\t<\/div>\t\t<\/section>\n\t\t<!-- rooms end -->\n\n\t\t\t\t\t\t<\/div>\n\t\t\t\t<\/div>\n\t\t\t\t\t<\/div>\n\t\t\t\t<\/div>\n\t\t<div class=\"elementor-element elementor-element-41d2e22 e-flex e-con-boxed e-con e-parent\" data-id=\"41d2e22\" data-element_type=\"container\" data-e-type=\"container\">\n\t\t\t\t\t<div class=\"e-con-inner\">\n\t\t\t\t<div class=\"elementor-element elementor-element-be438d7 elementor-widget elementor-widget-text-editor\" data-id=\"be438d7\" data-element_type=\"widget\" data-e-type=\"widget\" data-widget_type=\"text-editor.default\">\n\t\t\t\t<div class=\"elementor-widget-container\">\n\t\t\t\t\t\t\t\t\t<div class=\"woocommerce\"><\/div>\t\t\t\t\t\t\t\t<\/div>\n\t\t\t\t<\/div>\n\t\t\t\t<div class=\"elementor-element elementor-element-7a00265 elementor-widget elementor-widget-spacer\" data-id=\"7a00265\" data-element_type=\"widget\" data-e-type=\"widget\" data-widget_type=\"spacer.default\">\n\t\t\t\t<div class=\"elementor-widget-container\">\n\t\t\t\t\t\t\t<div class=\"elementor-spacer\">\n\t\t\t<div class=\"elementor-spacer-inner\"><\/div>\n\t\t<\/div>\n\t\t\t\t\t\t<\/div>\n\t\t\t\t<\/div>\n\t\t\t\t\t<\/div>\n\t\t\t\t<\/div>\n\t\t<div class=\"elementor-element elementor-element-d030def e-flex e-con-boxed e-con e-parent\" data-id=\"d030def\" data-element_type=\"container\" data-e-type=\"container\" data-settings=\"{&quot;background_background&quot;:&quot;classic&quot;}\">\n\t\t\t\t\t<div class=\"e-con-inner\">\n\t\t\t\t\t<\/div>\n\t\t\t\t<\/div>\n\t\t\t\t<\/div>\n\t\t","protected":false},"excerpt":{"rendered":"<p>Book Now! Make your reservation on our website Home Villa Rosa A Villa Rosa \u00e9 uma vivenda de luxo constru\u00edda num terreno do qual n\u00f3s j\u00e1 \u00e9ramos propriet\u00e1rios e com&#8230; <span class=\"knsl-el-more\"><a href=\"https:\/\/valeprado.com\/en\/alojamento\/villa-teste\/\" class=\"knsl-btn\">Read more<span class=\"screen-reader-text\">Read more&nbsp;test villa<\/span><\/a><\/span><\/p>\n","protected":false},"author":1,"featured_media":0,"parent":0,"menu_order":0,"comment_status":"closed","ping_status":"closed","template":"template-layout-builder.php","meta":{"_acf_changed":false,"footnotes":""},"class_list":["post-5242","page","type-page","status-publish","hentry"],"acf":[],"_links":{"self":[{"href":"https:\/\/valeprado.com\/en\/wp-json\/wp\/v2\/pages\/5242","targetHints":{"allow":["GET"]}}],"collection":[{"href":"https:\/\/valeprado.com\/en\/wp-json\/wp\/v2\/pages"}],"about":[{"href":"https:\/\/valeprado.com\/en\/wp-json\/wp\/v2\/types\/page"}],"author":[{"embeddable":true,"href":"https:\/\/valeprado.com\/en\/wp-json\/wp\/v2\/users\/1"}],"replies":[{"embeddable":true,"href":"https:\/\/valeprado.com\/en\/wp-json\/wp\/v2\/comments?post=5242"}],"version-history":[{"count":0,"href":"https:\/\/valeprado.com\/en\/wp-json\/wp\/v2\/pages\/5242\/revisions"}],"wp:attachment":[{"href":"https:\/\/valeprado.com\/en\/wp-json\/wp\/v2\/media?parent=5242"}],"curies":[{"name":"wp","href":"https:\/\/api.w.org\/{rel}","templated":true}]}}